{"id":16871,"date":"2026-02-23T14:40:30","date_gmt":"2026-02-23T14:40:30","guid":{"rendered":"https:\/\/www.rapidclouddevelopment.com\/?page_id=16871"},"modified":"2026-02-23T15:00:11","modified_gmt":"2026-02-23T15:00:11","slug":"politica-de-privacidad","status":"publish","type":"page","link":"https:\/\/www.rapidclouddevelopment.com\/es\/politica-de-privacidad\/","title":{"rendered":"Pol\u00edtica de privacidad"},"content":{"rendered":"\t\t<div data-elementor-type=\"wp-page\" data-elementor-id=\"16871\" class=\"elementor elementor-16871 elementor-12951\" data-elementor-settings=\"{&quot;element_pack_global_tooltip_width&quot;:{&quot;unit&quot;:&quot;px&quot;,&quot;size&quot;:&quot;&quot;,&quot;sizes&quot;:[]},&quot;element_pack_global_tooltip_width_tablet&quot;:{&quot;unit&quot;:&quot;px&quot;,&quot;size&quot;:&quot;&quot;,&quot;sizes&quot;:[]},&quot;element_pack_global_tooltip_width_mobile&quot;:{&quot;unit&quot;:&quot;px&quot;,&quot;size&quot;:&quot;&quot;,&quot;sizes&quot;:[]},&quot;element_pack_global_tooltip_padding&quot;:{&quot;unit&quot;:&quot;px&quot;,&quot;top&quot;:&quot;&quot;,&quot;right&quot;:&quot;&quot;,&quot;bottom&quot;:&quot;&quot;,&quot;left&quot;:&quot;&quot;,&quot;isLinked&quot;:true},&quot;element_pack_global_tooltip_padding_tablet&quot;:{&quot;unit&quot;:&quot;px&quot;,&quot;top&quot;:&quot;&quot;,&quot;right&quot;:&quot;&quot;,&quot;bottom&quot;:&quot;&quot;,&quot;left&quot;:&quot;&quot;,&quot;isLinked&quot;:true},&quot;element_pack_global_tooltip_padding_mobile&quot;:{&quot;unit&quot;:&quot;px&quot;,&quot;top&quot;:&quot;&quot;,&quot;right&quot;:&quot;&quot;,&quot;bottom&quot;:&quot;&quot;,&quot;left&quot;:&quot;&quot;,&quot;isLinked&quot;:true},&quot;element_pack_global_tooltip_border_radius&quot;:{&quot;unit&quot;:&quot;px&quot;,&quot;top&quot;:&quot;&quot;,&quot;right&quot;:&quot;&quot;,&quot;bottom&quot;:&quot;&quot;,&quot;left&quot;:&quot;&quot;,&quot;isLinked&quot;:true},&quot;element_pack_global_tooltip_border_radius_tablet&quot;:{&quot;unit&quot;:&quot;px&quot;,&quot;top&quot;:&quot;&quot;,&quot;right&quot;:&quot;&quot;,&quot;bottom&quot;:&quot;&quot;,&quot;left&quot;:&quot;&quot;,&quot;isLinked&quot;:true},&quot;element_pack_global_tooltip_border_radius_mobile&quot;:{&quot;unit&quot;:&quot;px&quot;,&quot;top&quot;:&quot;&quot;,&quot;right&quot;:&quot;&quot;,&quot;bottom&quot;:&quot;&quot;,&quot;left&quot;:&quot;&quot;,&quot;isLinked&quot;:true}}\" data-elementor-post-type=\"page\">\n\t\t\t\t\t\t<section class=\"elementor-section elementor-top-section elementor-element elementor-element-2334c655 elementor-section-boxed elementor-section-height-default elementor-section-height-default\" data-id=\"2334c655\" data-element_type=\"section\" data-e-type=\"section\">\n\t\t\t\t\t\t<div class=\"elementor-container elementor-column-gap-default\">\n\t\t\t\t\t<div class=\"elementor-column elementor-col-100 elementor-top-column elementor-element elementor-element-122ff0d7\" data-id=\"122ff0d7\" data-element_type=\"column\" data-e-type=\"column\">\n\t\t\t<div class=\"elementor-widget-wrap elementor-element-populated\">\n\t\t\t\t\t\t<div class=\"elementor-element elementor-element-e293dc8 elementor-widget elementor-widget-text-editor\" data-id=\"e293dc8\" data-element_type=\"widget\" data-e-type=\"widget\" data-widget_type=\"text-editor.default\">\n\t\t\t\t<div class=\"elementor-widget-container\">\n\t\t\t\t\t\t\t\t\t<h1><strong>Aviso legal y pol\u00edtica de privacidad del sitio web<\/strong><\/h1><p>Este sitio web es propiedad de Rapid Cloud Development. Al acceder y utilizar nuestro sitio web, usted (el usuario) acepta expresamente los siguientes t\u00e9rminos y condiciones generales.<\/p><h3><strong>Derechos de propiedad intelectual<\/strong><\/h3><p>El contenido de este sitio web (incluidas las marcas comerciales, logotipos, datos, nombres, textos, im\u00e1genes&#8230;) est\u00e1 protegido por derechos de propiedad intelectual y es propiedad de Rapid Cloud Development o de terceros autorizados.<\/p><h3><strong>Limitaci\u00f3n de responsabilidad<\/strong><\/h3><p>La informaci\u00f3n de este sitio web es de car\u00e1cter general. La informaci\u00f3n no se adapta a circunstancias personales o espec\u00edficas y, por lo tanto, no puede considerarse como asesoramiento personal, profesional o jur\u00eddico para el usuario.<\/p><p>Rapid Cloud Development se esfuerza por garantizar que la informaci\u00f3n proporcionada sea correcta, completa y actualizada. A pesar de estos esfuerzos, pueden producirse inexactitudes o informaci\u00f3n desactualizada. Si la informaci\u00f3n proporcionada contiene inexactitudes o si cierta informaci\u00f3n en o a trav\u00e9s del sitio web no est\u00e1 disponible, puede ponerse en contacto con Organi y haremos todo lo posible para corregirlo lo antes posible.<\/p><p>Rapid Cloud Development no se hace responsable de los da\u00f1os directos o indirectos que puedan derivarse del uso de la informaci\u00f3n contenida en este sitio web.<\/p><p>El contenido del sitio web (incluidos los enlaces) puede modificarse o completarse en cualquier momento sin previo aviso. Rapid Cloud Development no garantiza el correcto funcionamiento del sitio web y no se hace responsable en modo alguno del mal funcionamiento o la indisponibilidad temporal del sitio web, ni de ning\u00fan tipo de da\u00f1o directo o indirecto que pueda derivarse del acceso o uso del sitio web.<\/p><p>Rapid Cloud Development no se hace responsable en ning\u00fan caso, directa o indirectamente, de forma especial o de otro tipo, de los da\u00f1os que se deriven del uso de este sitio web u otro sitio web, en particular como resultado de enlaces o hiperv\u00ednculos, incluyendo, sin limitaci\u00f3n, todas las p\u00e9rdidas, interrupciones del trabajo, da\u00f1os a programas u otros datos en el sistema inform\u00e1tico, hardware, software u otros bienes del usuario.<\/p><p>El sitio web puede contener hiperv\u00ednculos o referencias indirectas a sitios web o p\u00e1ginas de terceros. La inclusi\u00f3n de enlaces a estos sitios web o p\u00e1ginas no implica, en modo alguno, la aprobaci\u00f3n impl\u00edcita de su contenido. Rapid Cloud Development declara expresamente que no tiene control alguno sobre el contenido u otras caracter\u00edsticas de estos sitios web y que en ning\u00fan caso se hace responsable del contenido o las caracter\u00edsticas de los mismos, ni de ning\u00fan tipo de da\u00f1o que resulte de su uso.<\/p><h3><strong>Legislaci\u00f3n aplicable y tribunales competentes<\/strong><\/h3><p>La legislaci\u00f3n belga se aplica a este sitio web. En caso de litigio, solo ser\u00e1n competentes los tribunales del distrito de Rapid Cloud Development.<\/p><h3><strong>Pol\u00edtica de privacidad<\/strong><\/h3><p>Rapid Cloud Development concede gran importancia a la privacidad. Aunque la mayor parte de la informaci\u00f3n de este sitio est\u00e1 disponible sin necesidad de proporcionar datos personales, es posible que se solicite informaci\u00f3n personal al usuario. Esta informaci\u00f3n solo se utilizar\u00e1 en el contexto de Rapid Cloud Development (por ejemplo, para mantener al usuario informado sobre nuestras actividades). El usuario siempre puede notificarnos que se opone, sin coste alguno, al uso de sus datos con fines de marketing. Los datos personales del usuario nunca se divulgar\u00e1n a terceros.<\/p><p>De conformidad con la ley de 08\/12\/1992 sobre el tratamiento de datos personales, el usuario tiene el derecho legal de acceder y corregir sus datos personales si es necesario. Previa acreditaci\u00f3n de su identidad (copia del documento de identidad), el usuario puede obtener una solicitud por escrito, fechada y firmada para la divulgaci\u00f3n de sus datos personales sin coste alguno. Si es necesario, puede solicitar la correcci\u00f3n de los datos que sean incorrectos, incompletos o irrelevantes.<\/p><p>Rapid Cloud Development puede recopilar datos an\u00f3nimos o agregados no personales, como el tipo de navegador o la direcci\u00f3n IP, el sistema operativo del usuario o el nombre de dominio del sitio web desde el que el usuario ha llegado a nuestro sitio web o al que se dirige. Esto nos permite optimizar continuamente nuestro sitio web para todos los usuarios.<\/p><h3><strong>Cookies<\/strong><\/h3><p>Durante una visita a nuestro sitio web, es posible que se instalen cookies en el disco duro del ordenador del usuario, con el \u00fanico fin de adaptar el sitio web a las necesidades de los visitantes que regresan. Estas cookies no se utilizan para rastrear el comportamiento de navegaci\u00f3n del visitante en otros sitios web. El navegador de Internet del usuario le permite impedir el uso de cookies, recibir una advertencia cuando se instala una cookie o eliminar las cookies del disco duro posteriormente (consulte la funci\u00f3n de ayuda del navegador de Internet).<\/p>\t\t\t\t\t\t\t\t<\/div>\n\t\t\t\t<\/div>\n\t\t\t\t\t<\/div>\n\t\t<\/div>\n\t\t\t\t\t<\/div>\n\t\t<\/section>\n\t\t\t\t<\/div>\n\t\t","protected":false},"excerpt":{"rendered":"<p>Aviso legal y pol\u00edtica de privacidad del sitio web Este sitio web es propiedad de Rapid Cloud Development. Al acceder y utilizar nuestro sitio web, usted (el usuario) acepta expresamente los siguientes t\u00e9rminos y condiciones generales. Derechos de propiedad intelectual El contenido de este sitio web (incluidas las marcas comerciales, logotipos, datos, nombres, textos, im\u00e1genes&#8230;) [&hellip;]<\/p>\n","protected":false},"author":11,"featured_media":0,"parent":0,"menu_order":0,"comment_status":"closed","ping_status":"closed","template":"","meta":{"_acf_changed":false,"footnotes":""},"class_list":["post-16871","page","type-page","status-publish","hentry"],"acf":[],"yoast_head":"<!-- This site is optimized with the Yoast SEO plugin v27.0 - https:\/\/yoast.com\/product\/yoast-seo-wordpress\/ -->\n<title>Pol\u00edtica de privacidad - Rapid Cloud Development<\/title>\n<meta name=\"robots\" content=\"index, follow, max-snippet:-1, max-image-preview:large, max-video-preview:-1\" \/>\n<link rel=\"canonical\" href=\"https:\/\/www.rapidclouddevelopment.com\/es\/politica-de-privacidad\/\" \/>\n<meta property=\"og:locale\" content=\"es_ES\" \/>\n<meta property=\"og:type\" content=\"article\" \/>\n<meta property=\"og:title\" content=\"Pol\u00edtica de privacidad - Rapid Cloud Development\" \/>\n<meta property=\"og:description\" content=\"Aviso legal y pol\u00edtica de privacidad del sitio web Este sitio web es propiedad de Rapid Cloud Development. Al acceder y utilizar nuestro sitio web, usted (el usuario) acepta expresamente los siguientes t\u00e9rminos y condiciones generales. Derechos de propiedad intelectual El contenido de este sitio web (incluidas las marcas comerciales, logotipos, datos, nombres, textos, im\u00e1genes&#8230;) [&hellip;]\" \/>\n<meta property=\"og:url\" content=\"https:\/\/www.rapidclouddevelopment.com\/es\/politica-de-privacidad\/\" \/>\n<meta property=\"og:site_name\" content=\"Rapid Cloud Development\" \/>\n<meta property=\"article:modified_time\" content=\"2026-02-23T15:00:11+00:00\" \/>\n<meta name=\"twitter:card\" content=\"summary_large_image\" \/>\n<meta name=\"twitter:label1\" content=\"Tiempo de lectura\" \/>\n\t<meta name=\"twitter:data1\" content=\"4 minutos\" \/>\n<script type=\"application\/ld+json\" class=\"yoast-schema-graph\">{\"@context\":\"https:\/\/schema.org\",\"@graph\":[{\"@type\":\"WebPage\",\"@id\":\"https:\/\/www.rapidclouddevelopment.com\/es\/politica-de-privacidad\/\",\"url\":\"https:\/\/www.rapidclouddevelopment.com\/es\/politica-de-privacidad\/\",\"name\":\"Pol\u00edtica de privacidad - Rapid Cloud Development\",\"isPartOf\":{\"@id\":\"https:\/\/www.rapidclouddevelopment.com\/es\/#website\"},\"datePublished\":\"2026-02-23T14:40:30+00:00\",\"dateModified\":\"2026-02-23T15:00:11+00:00\",\"breadcrumb\":{\"@id\":\"https:\/\/www.rapidclouddevelopment.com\/es\/politica-de-privacidad\/#breadcrumb\"},\"inLanguage\":\"es\",\"potentialAction\":[{\"@type\":\"ReadAction\",\"target\":[\"https:\/\/www.rapidclouddevelopment.com\/es\/politica-de-privacidad\/\"]}]},{\"@type\":\"BreadcrumbList\",\"@id\":\"https:\/\/www.rapidclouddevelopment.com\/es\/politica-de-privacidad\/#breadcrumb\",\"itemListElement\":[{\"@type\":\"ListItem\",\"position\":1,\"name\":\"Home\",\"item\":\"https:\/\/www.rapidclouddevelopment.com\/es\/home\/\"},{\"@type\":\"ListItem\",\"position\":2,\"name\":\"Pol\u00edtica de privacidad\"}]},{\"@type\":\"WebSite\",\"@id\":\"https:\/\/www.rapidclouddevelopment.com\/es\/#website\",\"url\":\"https:\/\/www.rapidclouddevelopment.com\/es\/\",\"name\":\"Rapid Cloud Development\",\"description\":\"The first OpenEdge web development framework for small and medium-sized companies\",\"publisher\":{\"@id\":\"https:\/\/www.rapidclouddevelopment.com\/es\/#organization\"},\"potentialAction\":[{\"@type\":\"SearchAction\",\"target\":{\"@type\":\"EntryPoint\",\"urlTemplate\":\"https:\/\/www.rapidclouddevelopment.com\/es\/?s={search_term_string}\"},\"query-input\":{\"@type\":\"PropertyValueSpecification\",\"valueRequired\":true,\"valueName\":\"search_term_string\"}}],\"inLanguage\":\"es\"},{\"@type\":\"Organization\",\"@id\":\"https:\/\/www.rapidclouddevelopment.com\/es\/#organization\",\"name\":\"Rapid Cloud Development\",\"url\":\"https:\/\/www.rapidclouddevelopment.com\/es\/\",\"logo\":{\"@type\":\"ImageObject\",\"inLanguage\":\"es\",\"@id\":\"https:\/\/www.rapidclouddevelopment.com\/es\/#\/schema\/logo\/image\/\",\"url\":\"https:\/\/www.rapidclouddevelopment.com\/wp-content\/uploads\/2025\/09\/logo500x500-black.png\",\"contentUrl\":\"https:\/\/www.rapidclouddevelopment.com\/wp-content\/uploads\/2025\/09\/logo500x500-black.png\",\"width\":501,\"height\":500,\"caption\":\"Rapid Cloud Development\"},\"image\":{\"@id\":\"https:\/\/www.rapidclouddevelopment.com\/es\/#\/schema\/logo\/image\/\"}}]}<\/script>\n<!-- \/ Yoast SEO plugin. -->","yoast_head_json":{"title":"Pol\u00edtica de privacidad - Rapid Cloud Development","robots":{"index":"index","follow":"follow","max-snippet":"max-snippet:-1","max-image-preview":"max-image-preview:large","max-video-preview":"max-video-preview:-1"},"canonical":"https:\/\/www.rapidclouddevelopment.com\/es\/politica-de-privacidad\/","og_locale":"es_ES","og_type":"article","og_title":"Pol\u00edtica de privacidad - Rapid Cloud Development","og_description":"Aviso legal y pol\u00edtica de privacidad del sitio web Este sitio web es propiedad de Rapid Cloud Development. Al acceder y utilizar nuestro sitio web, usted (el usuario) acepta expresamente los siguientes t\u00e9rminos y condiciones generales. Derechos de propiedad intelectual El contenido de este sitio web (incluidas las marcas comerciales, logotipos, datos, nombres, textos, im\u00e1genes&#8230;) [&hellip;]","og_url":"https:\/\/www.rapidclouddevelopment.com\/es\/politica-de-privacidad\/","og_site_name":"Rapid Cloud Development","article_modified_time":"2026-02-23T15:00:11+00:00","twitter_card":"summary_large_image","twitter_misc":{"Tiempo de lectura":"4 minutos"},"schema":{"@context":"https:\/\/schema.org","@graph":[{"@type":"WebPage","@id":"https:\/\/www.rapidclouddevelopment.com\/es\/politica-de-privacidad\/","url":"https:\/\/www.rapidclouddevelopment.com\/es\/politica-de-privacidad\/","name":"Pol\u00edtica de privacidad - Rapid Cloud Development","isPartOf":{"@id":"https:\/\/www.rapidclouddevelopment.com\/es\/#website"},"datePublished":"2026-02-23T14:40:30+00:00","dateModified":"2026-02-23T15:00:11+00:00","breadcrumb":{"@id":"https:\/\/www.rapidclouddevelopment.com\/es\/politica-de-privacidad\/#breadcrumb"},"inLanguage":"es","potentialAction":[{"@type":"ReadAction","target":["https:\/\/www.rapidclouddevelopment.com\/es\/politica-de-privacidad\/"]}]},{"@type":"BreadcrumbList","@id":"https:\/\/www.rapidclouddevelopment.com\/es\/politica-de-privacidad\/#breadcrumb","itemListElement":[{"@type":"ListItem","position":1,"name":"Home","item":"https:\/\/www.rapidclouddevelopment.com\/es\/home\/"},{"@type":"ListItem","position":2,"name":"Pol\u00edtica de privacidad"}]},{"@type":"WebSite","@id":"https:\/\/www.rapidclouddevelopment.com\/es\/#website","url":"https:\/\/www.rapidclouddevelopment.com\/es\/","name":"Rapid Cloud Development","description":"The first OpenEdge web development framework for small and medium-sized companies","publisher":{"@id":"https:\/\/www.rapidclouddevelopment.com\/es\/#organization"},"potentialAction":[{"@type":"SearchAction","target":{"@type":"EntryPoint","urlTemplate":"https:\/\/www.rapidclouddevelopment.com\/es\/?s={search_term_string}"},"query-input":{"@type":"PropertyValueSpecification","valueRequired":true,"valueName":"search_term_string"}}],"inLanguage":"es"},{"@type":"Organization","@id":"https:\/\/www.rapidclouddevelopment.com\/es\/#organization","name":"Rapid Cloud Development","url":"https:\/\/www.rapidclouddevelopment.com\/es\/","logo":{"@type":"ImageObject","inLanguage":"es","@id":"https:\/\/www.rapidclouddevelopment.com\/es\/#\/schema\/logo\/image\/","url":"https:\/\/www.rapidclouddevelopment.com\/wp-content\/uploads\/2025\/09\/logo500x500-black.png","contentUrl":"https:\/\/www.rapidclouddevelopment.com\/wp-content\/uploads\/2025\/09\/logo500x500-black.png","width":501,"height":500,"caption":"Rapid Cloud Development"},"image":{"@id":"https:\/\/www.rapidclouddevelopment.com\/es\/#\/schema\/logo\/image\/"}}]}},"_links":{"self":[{"href":"https:\/\/www.rapidclouddevelopment.com\/es\/wp-json\/wp\/v2\/pages\/16871","targetHints":{"allow":["GET"]}}],"collection":[{"href":"https:\/\/www.rapidclouddevelopment.com\/es\/wp-json\/wp\/v2\/pages"}],"about":[{"href":"https:\/\/www.rapidclouddevelopment.com\/es\/wp-json\/wp\/v2\/types\/page"}],"author":[{"embeddable":true,"href":"https:\/\/www.rapidclouddevelopment.com\/es\/wp-json\/wp\/v2\/users\/11"}],"replies":[{"embeddable":true,"href":"https:\/\/www.rapidclouddevelopment.com\/es\/wp-json\/wp\/v2\/comments?post=16871"}],"version-history":[{"count":14,"href":"https:\/\/www.rapidclouddevelopment.com\/es\/wp-json\/wp\/v2\/pages\/16871\/revisions"}],"predecessor-version":[{"id":16887,"href":"https:\/\/www.rapidclouddevelopment.com\/es\/wp-json\/wp\/v2\/pages\/16871\/revisions\/16887"}],"wp:attachment":[{"href":"https:\/\/www.rapidclouddevelopment.com\/es\/wp-json\/wp\/v2\/media?parent=16871"}],"curies":[{"name":"wp","href":"https:\/\/api.w.org\/{rel}","templated":true}]}}