{"id":16848,"date":"2026-02-20T15:12:56","date_gmt":"2026-02-20T15:12:56","guid":{"rendered":"https:\/\/www.rapidclouddevelopment.com\/?page_id=16848"},"modified":"2026-02-20T15:36:10","modified_gmt":"2026-02-20T15:36:10","slug":"terminos-y-condiciones","status":"publish","type":"page","link":"https:\/\/www.rapidclouddevelopment.com\/es\/terminos-y-condiciones\/","title":{"rendered":"T\u00e9rminos y condiciones"},"content":{"rendered":"\t\t<div data-elementor-type=\"wp-page\" data-elementor-id=\"16848\" class=\"elementor elementor-16848 elementor-5557\" data-elementor-settings=\"{&quot;element_pack_global_tooltip_width&quot;:{&quot;unit&quot;:&quot;px&quot;,&quot;size&quot;:&quot;&quot;,&quot;sizes&quot;:[]},&quot;element_pack_global_tooltip_width_tablet&quot;:{&quot;unit&quot;:&quot;px&quot;,&quot;size&quot;:&quot;&quot;,&quot;sizes&quot;:[]},&quot;element_pack_global_tooltip_width_mobile&quot;:{&quot;unit&quot;:&quot;px&quot;,&quot;size&quot;:&quot;&quot;,&quot;sizes&quot;:[]},&quot;element_pack_global_tooltip_padding&quot;:{&quot;unit&quot;:&quot;px&quot;,&quot;top&quot;:&quot;&quot;,&quot;right&quot;:&quot;&quot;,&quot;bottom&quot;:&quot;&quot;,&quot;left&quot;:&quot;&quot;,&quot;isLinked&quot;:true},&quot;element_pack_global_tooltip_padding_tablet&quot;:{&quot;unit&quot;:&quot;px&quot;,&quot;top&quot;:&quot;&quot;,&quot;right&quot;:&quot;&quot;,&quot;bottom&quot;:&quot;&quot;,&quot;left&quot;:&quot;&quot;,&quot;isLinked&quot;:true},&quot;element_pack_global_tooltip_padding_mobile&quot;:{&quot;unit&quot;:&quot;px&quot;,&quot;top&quot;:&quot;&quot;,&quot;right&quot;:&quot;&quot;,&quot;bottom&quot;:&quot;&quot;,&quot;left&quot;:&quot;&quot;,&quot;isLinked&quot;:true},&quot;element_pack_global_tooltip_border_radius&quot;:{&quot;unit&quot;:&quot;px&quot;,&quot;top&quot;:&quot;&quot;,&quot;right&quot;:&quot;&quot;,&quot;bottom&quot;:&quot;&quot;,&quot;left&quot;:&quot;&quot;,&quot;isLinked&quot;:true},&quot;element_pack_global_tooltip_border_radius_tablet&quot;:{&quot;unit&quot;:&quot;px&quot;,&quot;top&quot;:&quot;&quot;,&quot;right&quot;:&quot;&quot;,&quot;bottom&quot;:&quot;&quot;,&quot;left&quot;:&quot;&quot;,&quot;isLinked&quot;:true},&quot;element_pack_global_tooltip_border_radius_mobile&quot;:{&quot;unit&quot;:&quot;px&quot;,&quot;top&quot;:&quot;&quot;,&quot;right&quot;:&quot;&quot;,&quot;bottom&quot;:&quot;&quot;,&quot;left&quot;:&quot;&quot;,&quot;isLinked&quot;:true}}\" data-elementor-post-type=\"page\">\n\t\t\t\t\t\t<section class=\"elementor-section elementor-top-section elementor-element elementor-element-68fed797 elementor-section-boxed elementor-section-height-default elementor-section-height-default\" data-id=\"68fed797\" data-element_type=\"section\" data-e-type=\"section\">\n\t\t\t\t\t\t<div class=\"elementor-container elementor-column-gap-default\">\n\t\t\t\t\t<div class=\"elementor-column elementor-col-100 elementor-top-column elementor-element elementor-element-27a788d2\" data-id=\"27a788d2\" data-element_type=\"column\" data-e-type=\"column\">\n\t\t\t<div class=\"elementor-widget-wrap elementor-element-populated\">\n\t\t\t\t\t\t<div class=\"elementor-element elementor-element-542a99da elementor-widget elementor-widget-text-editor\" data-id=\"542a99da\" data-element_type=\"widget\" data-e-type=\"widget\" data-widget_type=\"text-editor.default\">\n\t\t\t\t<div class=\"elementor-widget-container\">\n\t\t\t\t\t\t\t\t\t<h1 data-start=\"0\" data-end=\"28\"><strong data-start=\"0\" data-end=\"26\">T\u00e9rminos y condiciones<\/strong><\/h1><article class=\"text-token-text-primary w-full focus:outline-none [--shadow-height:45px] has-data-writing-block:pointer-events-none has-data-writing-block:-mt-(--shadow-height) has-data-writing-block:pt-(--shadow-height) [&amp;:has([data-writing-block])&gt;*]:pointer-events-auto [content-visibility:auto] supports-[content-visibility:auto]:[contain-intrinsic-size:auto_100lvh] scroll-mt-[calc(var(--header-height)+min(200px,max(70px,20svh)))]\" dir=\"auto\" tabindex=\"-1\" data-turn-id=\"request-6901ddd5-7930-8327-9040-a4ac13482fc7-0\" data-testid=\"conversation-turn-4\" data-scroll-anchor=\"true\" data-turn=\"assistant\"><div class=\"text-base my-auto mx-auto pb-10 [--thread-content-margin:--spacing(4)] thread-sm:[--thread-content-margin:--spacing(6)] thread-lg:[--thread-content-margin:--spacing(16)] px-(--thread-content-margin)\"><div class=\"[--thread-content-max-width:40rem] thread-lg:[--thread-content-max-width:48rem] mx-auto max-w-(--thread-content-max-width) flex-1 group\/turn-messages focus-visible:outline-hidden relative flex w-full min-w-0 flex-col agent-turn\" tabindex=\"-1\"><div class=\"flex max-w-full flex-col grow\"><div class=\"min-h-8 text-message relative flex w-full flex-col items-end gap-2 text-start break-words whitespace-normal [.text-message+&amp;]:mt-1\" dir=\"auto\" data-message-author-role=\"assistant\" data-message-id=\"34060bf8-b5e1-4503-a954-4f3332efc475\" data-message-model-slug=\"gpt-5\"><div class=\"flex w-full flex-col gap-1 empty:hidden first:pt-[1px]\"><div class=\"markdown prose dark:prose-invert w-full break-words light markdown-new-styling\"><p data-start=\"30\" data-end=\"96\"><strong data-start=\"30\" data-end=\"94\">Derechos de autor y derechos del productor de bases de datos<\/strong><\/p><\/div><\/div><\/div><\/div><\/div><\/div><\/article><p data-start=\"98\" data-end=\"431\">El sitio web <a class=\"decorated-link\" href=\"http:\/\/www.rapidclouddevelopment.com\" target=\"_new\" rel=\"noopener\" data-start=\"111\" data-end=\"140\">www.rapidclouddevelopment.com<\/a> es tanto una obra protegida por derechos de autor como una base de datos cuyos derechos de productor pertenecen a Rapid Cloud Development. Los textos, el dise\u00f1o, los dibujos, las fotograf\u00edas, los v\u00eddeos, los gr\u00e1ficos y otros elementos de este sitio est\u00e1n protegidos por derechos de autor.<\/p><p data-start=\"433\" data-end=\"747\">Cualquier copia, adaptaci\u00f3n, modificaci\u00f3n, traducci\u00f3n, organizaci\u00f3n, comunicaci\u00f3n p\u00fablica, alquiler u otra forma de uso de (parte de) este sitio, en cualquier forma y por cualquier medio, digital, impreso u otro, est\u00e1 estrictamente prohibida sin el consentimiento previo y por escrito de Rapid Cloud Development.<\/p><p data-start=\"749\" data-end=\"1010\">El contenido de la base de datos est\u00e1 protegido por el derecho que permite al productor prohibir cualquier extracci\u00f3n y\/o reutilizaci\u00f3n de la totalidad o parte de dicho contenido. Cualquier infracci\u00f3n de estos derechos puede ser perseguida penal o civilmente.<\/p><p data-start=\"1012\" data-end=\"1046\"><strong data-start=\"1012\" data-end=\"1044\">Marcas y nombres comerciales<\/strong><\/p><p>Los nombres, logotipos y otros signos utilizados en este sitio, incluyendo el nombre y el logotipo de Rapid Cloud Development, son marcas y\/o nombres comerciales protegidos por la ley. Cualquier uso de estos o signos similares est\u00e1 estrictamente prohibido sin el consentimiento previo y por escrito de Rapid Cloud Development.<\/p><p data-start=\"1378\" data-end=\"1416\"><strong data-start=\"1378\" data-end=\"1414\">Responsabilidad por el contenido<\/strong><\/p><p data-start=\"1418\" data-end=\"1685\">Rapid Cloud Development presta gran atenci\u00f3n a la creaci\u00f3n y mantenimiento de este sitio. Sin embargo, no puede garantizar la exactitud de la informaci\u00f3n contenida en el mismo. El usuario debe ser consciente de que la informaci\u00f3n puede modificarse sin previo aviso.<\/p><p data-start=\"1687\" data-end=\"1945\" data-is-last-node=\"\" data-is-only-node=\"\">Rapid Cloud Development no puede ser considerada responsable del contenido de este sitio ni del uso que pueda hacerse del mismo. Tampoco ser\u00e1 responsable en modo alguno del contenido o la existencia de otros sitios a los que se acceda mediante hiperv\u00ednculos.<\/p>\t\t\t\t\t\t\t\t<\/div>\n\t\t\t\t<\/div>\n\t\t\t\t<div class=\"elementor-element elementor-element-a99fa87 elementor-widget elementor-widget-text-editor\" data-id=\"a99fa87\" data-element_type=\"widget\" data-e-type=\"widget\" data-widget_type=\"text-editor.default\">\n\t\t\t\t<div class=\"elementor-widget-container\">\n\t\t\t\t\t\t\t\t\t<p><em>Rapid Cloud Development BV<\/em><\/p><p><em>Dynamicalaan 15, 2610 Wilrijk, Belgi\u00eb<\/em><\/p><p><em>info@rapidclouddevelopment.com<\/em><\/p><p><em>+32 3 820 63 00<\/em><\/p><p class=\"font-medium\"><em>BE1013.604.171<\/em><\/p><p><em>RPR Antwerpen<\/em><\/p>\t\t\t\t\t\t\t\t<\/div>\n\t\t\t\t<\/div>\n\t\t\t\t\t<\/div>\n\t\t<\/div>\n\t\t\t\t\t<\/div>\n\t\t<\/section>\n\t\t\t\t<\/div>\n\t\t","protected":false},"excerpt":{"rendered":"<p>T\u00e9rminos y condiciones Derechos de autor y derechos del productor de bases de datos El sitio web www.rapidclouddevelopment.com es tanto una obra protegida por derechos de autor como una base de datos cuyos derechos de productor pertenecen a Rapid Cloud Development. Los textos, el dise\u00f1o, los dibujos, las fotograf\u00edas, los v\u00eddeos, los gr\u00e1ficos y otros [&hellip;]<\/p>\n","protected":false},"author":11,"featured_media":0,"parent":0,"menu_order":0,"comment_status":"closed","ping_status":"closed","template":"","meta":{"_acf_changed":false,"footnotes":""},"class_list":["post-16848","page","type-page","status-publish","hentry"],"acf":[],"yoast_head":"<!-- This site is optimized with the Yoast SEO plugin v27.0 - https:\/\/yoast.com\/product\/yoast-seo-wordpress\/ -->\n<title>T\u00e9rminos y condiciones - Rapid Cloud Development<\/title>\n<meta name=\"robots\" content=\"index, follow, max-snippet:-1, max-image-preview:large, max-video-preview:-1\" \/>\n<link rel=\"canonical\" href=\"https:\/\/www.rapidclouddevelopment.com\/es\/terminos-y-condiciones\/\" \/>\n<meta property=\"og:locale\" content=\"es_ES\" \/>\n<meta property=\"og:type\" content=\"article\" \/>\n<meta property=\"og:title\" content=\"T\u00e9rminos y condiciones - Rapid Cloud Development\" \/>\n<meta property=\"og:description\" content=\"T\u00e9rminos y condiciones Derechos de autor y derechos del productor de bases de datos El sitio web www.rapidclouddevelopment.com es tanto una obra protegida por derechos de autor como una base de datos cuyos derechos de productor pertenecen a Rapid Cloud Development. Los textos, el dise\u00f1o, los dibujos, las fotograf\u00edas, los v\u00eddeos, los gr\u00e1ficos y otros [&hellip;]\" \/>\n<meta property=\"og:url\" content=\"https:\/\/www.rapidclouddevelopment.com\/es\/terminos-y-condiciones\/\" \/>\n<meta property=\"og:site_name\" content=\"Rapid Cloud Development\" \/>\n<meta property=\"article:modified_time\" content=\"2026-02-20T15:36:10+00:00\" \/>\n<meta name=\"twitter:card\" content=\"summary_large_image\" \/>\n<meta name=\"twitter:label1\" content=\"Tiempo de lectura\" \/>\n\t<meta name=\"twitter:data1\" content=\"2 minutos\" \/>\n<script type=\"application\/ld+json\" class=\"yoast-schema-graph\">{\"@context\":\"https:\/\/schema.org\",\"@graph\":[{\"@type\":\"WebPage\",\"@id\":\"https:\/\/www.rapidclouddevelopment.com\/es\/terminos-y-condiciones\/\",\"url\":\"https:\/\/www.rapidclouddevelopment.com\/es\/terminos-y-condiciones\/\",\"name\":\"T\u00e9rminos y condiciones - Rapid Cloud Development\",\"isPartOf\":{\"@id\":\"https:\/\/www.rapidclouddevelopment.com\/es\/#website\"},\"datePublished\":\"2026-02-20T15:12:56+00:00\",\"dateModified\":\"2026-02-20T15:36:10+00:00\",\"breadcrumb\":{\"@id\":\"https:\/\/www.rapidclouddevelopment.com\/es\/terminos-y-condiciones\/#breadcrumb\"},\"inLanguage\":\"es\",\"potentialAction\":[{\"@type\":\"ReadAction\",\"target\":[\"https:\/\/www.rapidclouddevelopment.com\/es\/terminos-y-condiciones\/\"]}]},{\"@type\":\"BreadcrumbList\",\"@id\":\"https:\/\/www.rapidclouddevelopment.com\/es\/terminos-y-condiciones\/#breadcrumb\",\"itemListElement\":[{\"@type\":\"ListItem\",\"position\":1,\"name\":\"Home\",\"item\":\"https:\/\/www.rapidclouddevelopment.com\/es\/home\/\"},{\"@type\":\"ListItem\",\"position\":2,\"name\":\"T\u00e9rminos y condiciones\"}]},{\"@type\":\"WebSite\",\"@id\":\"https:\/\/www.rapidclouddevelopment.com\/es\/#website\",\"url\":\"https:\/\/www.rapidclouddevelopment.com\/es\/\",\"name\":\"Rapid Cloud Development\",\"description\":\"The first OpenEdge web development framework for small and medium-sized companies\",\"publisher\":{\"@id\":\"https:\/\/www.rapidclouddevelopment.com\/es\/#organization\"},\"potentialAction\":[{\"@type\":\"SearchAction\",\"target\":{\"@type\":\"EntryPoint\",\"urlTemplate\":\"https:\/\/www.rapidclouddevelopment.com\/es\/?s={search_term_string}\"},\"query-input\":{\"@type\":\"PropertyValueSpecification\",\"valueRequired\":true,\"valueName\":\"search_term_string\"}}],\"inLanguage\":\"es\"},{\"@type\":\"Organization\",\"@id\":\"https:\/\/www.rapidclouddevelopment.com\/es\/#organization\",\"name\":\"Rapid Cloud Development\",\"url\":\"https:\/\/www.rapidclouddevelopment.com\/es\/\",\"logo\":{\"@type\":\"ImageObject\",\"inLanguage\":\"es\",\"@id\":\"https:\/\/www.rapidclouddevelopment.com\/es\/#\/schema\/logo\/image\/\",\"url\":\"https:\/\/www.rapidclouddevelopment.com\/wp-content\/uploads\/2025\/09\/logo500x500-black.png\",\"contentUrl\":\"https:\/\/www.rapidclouddevelopment.com\/wp-content\/uploads\/2025\/09\/logo500x500-black.png\",\"width\":501,\"height\":500,\"caption\":\"Rapid Cloud Development\"},\"image\":{\"@id\":\"https:\/\/www.rapidclouddevelopment.com\/es\/#\/schema\/logo\/image\/\"}}]}<\/script>\n<!-- \/ Yoast SEO plugin. -->","yoast_head_json":{"title":"T\u00e9rminos y condiciones - Rapid Cloud Development","robots":{"index":"index","follow":"follow","max-snippet":"max-snippet:-1","max-image-preview":"max-image-preview:large","max-video-preview":"max-video-preview:-1"},"canonical":"https:\/\/www.rapidclouddevelopment.com\/es\/terminos-y-condiciones\/","og_locale":"es_ES","og_type":"article","og_title":"T\u00e9rminos y condiciones - Rapid Cloud Development","og_description":"T\u00e9rminos y condiciones Derechos de autor y derechos del productor de bases de datos El sitio web www.rapidclouddevelopment.com es tanto una obra protegida por derechos de autor como una base de datos cuyos derechos de productor pertenecen a Rapid Cloud Development. Los textos, el dise\u00f1o, los dibujos, las fotograf\u00edas, los v\u00eddeos, los gr\u00e1ficos y otros [&hellip;]","og_url":"https:\/\/www.rapidclouddevelopment.com\/es\/terminos-y-condiciones\/","og_site_name":"Rapid Cloud Development","article_modified_time":"2026-02-20T15:36:10+00:00","twitter_card":"summary_large_image","twitter_misc":{"Tiempo de lectura":"2 minutos"},"schema":{"@context":"https:\/\/schema.org","@graph":[{"@type":"WebPage","@id":"https:\/\/www.rapidclouddevelopment.com\/es\/terminos-y-condiciones\/","url":"https:\/\/www.rapidclouddevelopment.com\/es\/terminos-y-condiciones\/","name":"T\u00e9rminos y condiciones - Rapid Cloud Development","isPartOf":{"@id":"https:\/\/www.rapidclouddevelopment.com\/es\/#website"},"datePublished":"2026-02-20T15:12:56+00:00","dateModified":"2026-02-20T15:36:10+00:00","breadcrumb":{"@id":"https:\/\/www.rapidclouddevelopment.com\/es\/terminos-y-condiciones\/#breadcrumb"},"inLanguage":"es","potentialAction":[{"@type":"ReadAction","target":["https:\/\/www.rapidclouddevelopment.com\/es\/terminos-y-condiciones\/"]}]},{"@type":"BreadcrumbList","@id":"https:\/\/www.rapidclouddevelopment.com\/es\/terminos-y-condiciones\/#breadcrumb","itemListElement":[{"@type":"ListItem","position":1,"name":"Home","item":"https:\/\/www.rapidclouddevelopment.com\/es\/home\/"},{"@type":"ListItem","position":2,"name":"T\u00e9rminos y condiciones"}]},{"@type":"WebSite","@id":"https:\/\/www.rapidclouddevelopment.com\/es\/#website","url":"https:\/\/www.rapidclouddevelopment.com\/es\/","name":"Rapid Cloud Development","description":"The first OpenEdge web development framework for small and medium-sized companies","publisher":{"@id":"https:\/\/www.rapidclouddevelopment.com\/es\/#organization"},"potentialAction":[{"@type":"SearchAction","target":{"@type":"EntryPoint","urlTemplate":"https:\/\/www.rapidclouddevelopment.com\/es\/?s={search_term_string}"},"query-input":{"@type":"PropertyValueSpecification","valueRequired":true,"valueName":"search_term_string"}}],"inLanguage":"es"},{"@type":"Organization","@id":"https:\/\/www.rapidclouddevelopment.com\/es\/#organization","name":"Rapid Cloud Development","url":"https:\/\/www.rapidclouddevelopment.com\/es\/","logo":{"@type":"ImageObject","inLanguage":"es","@id":"https:\/\/www.rapidclouddevelopment.com\/es\/#\/schema\/logo\/image\/","url":"https:\/\/www.rapidclouddevelopment.com\/wp-content\/uploads\/2025\/09\/logo500x500-black.png","contentUrl":"https:\/\/www.rapidclouddevelopment.com\/wp-content\/uploads\/2025\/09\/logo500x500-black.png","width":501,"height":500,"caption":"Rapid Cloud Development"},"image":{"@id":"https:\/\/www.rapidclouddevelopment.com\/es\/#\/schema\/logo\/image\/"}}]}},"_links":{"self":[{"href":"https:\/\/www.rapidclouddevelopment.com\/es\/wp-json\/wp\/v2\/pages\/16848","targetHints":{"allow":["GET"]}}],"collection":[{"href":"https:\/\/www.rapidclouddevelopment.com\/es\/wp-json\/wp\/v2\/pages"}],"about":[{"href":"https:\/\/www.rapidclouddevelopment.com\/es\/wp-json\/wp\/v2\/types\/page"}],"author":[{"embeddable":true,"href":"https:\/\/www.rapidclouddevelopment.com\/es\/wp-json\/wp\/v2\/users\/11"}],"replies":[{"embeddable":true,"href":"https:\/\/www.rapidclouddevelopment.com\/es\/wp-json\/wp\/v2\/comments?post=16848"}],"version-history":[{"count":8,"href":"https:\/\/www.rapidclouddevelopment.com\/es\/wp-json\/wp\/v2\/pages\/16848\/revisions"}],"predecessor-version":[{"id":16857,"href":"https:\/\/www.rapidclouddevelopment.com\/es\/wp-json\/wp\/v2\/pages\/16848\/revisions\/16857"}],"wp:attachment":[{"href":"https:\/\/www.rapidclouddevelopment.com\/es\/wp-json\/wp\/v2\/media?parent=16848"}],"curies":[{"name":"wp","href":"https:\/\/api.w.org\/{rel}","templated":true}]}}